{"id":1259,"date":"2021-02-08T06:33:51","date_gmt":"2021-02-08T11:33:51","guid":{"rendered":"http:\/\/beperu.com\/content\/?page_id=1259"},"modified":"2021-02-10T17:16:29","modified_gmt":"2021-02-10T22:16:29","slug":"testimonios-ingles","status":"publish","type":"page","link":"https:\/\/beperu.com\/content\/en\/testimonios-ingles\/","title":{"rendered":"TESTIMONIALS"},"content":{"rendered":"<div class=\"wpb-content-wrapper\"><p>[vc_row full_width=\u00bbstretch_row\u00bb css=\u00bb.vc_custom_1611545808613{padding-top: 8.45rem !important;padding-bottom: 3rem !important;background-image: url(http:\/\/beperu.com\/content\/wp-content\/uploads\/2021\/01\/about_1_bg1.jpg?id=1074) !important;background-position: center !important;background-repeat: no-repeat !important;background-size: cover !important;}\u00bb el_class=\u00bbabout_1&#8243;][vc_column]<div  id=\"sc_promo_1671018753\" \n\tclass=\"sc_promo sc_promo_default sc_promo_size_normal sc_promo_image_position_right\"><div class=\"sc_promo_image\" style=\"background-image:url(https:\/\/beperu.com\/content\/wp-content\/uploads\/2021\/01\/about_1_img.jpg);width:45%;right: 0;\"><\/div><div class=\"sc_promo_text\" style=\"width: 55%;float: left;\">\n\t\t\t<div class=\"sc_promo_text_inner\" style=\"\"><h6 class=\"sc_item_subtitle sc_promo_subtitle sc_align_left sc_item_title_style_default\">Be Peru<\/h6><h2 class=\"sc_item_title sc_promo_title sc_align_left sc_item_title_style_default sc_item_title_tag\">Why pick us?<\/h2><div class=\"sc_item_descr sc_promo_descr sc_align_left sc_item_title_style_default\">Be Peru is a company dedicated to incoming tourism in Peru, offering our clients the wonders, color, cuisine and millenary traditions that can only be found this side of the world, in the Land of the Incas. We are proud to show how exceptional Peru is and our reward is receiving the compliments and notes from our clients about their unforgettable experience after visiting the different ecosystems and tourist destinations in Peru, with lodging in the most attractive and special hotels as well as enjoyed exquisite dishes in the best restaurants of each region.<\/div><\/div>\n\t\t<\/div><!-- \/.sc_promo_text --><\/div><!-- \/.sc_promo -->[\/vc_column][\/vc_row][vc_row el_class=\u00bbtestimonials_1&#8243; css=\u00bb.vc_custom_1486199694641{padding-top: 7.2rem !important;padding-bottom: 6.5rem !important;}\u00bb][vc_column]<div class=\"sc_testimonials sc_testimonials_default swiper-slider-container slider_swiper slider_noresize slider_controls slider_controls_side slider_pagination\" data-slides-min-width=\"150\"\t\t>\n\t\t<h6 class=\"sc_item_subtitle sc_testimonials_subtitle sc_align_left sc_item_title_style_default\">Testimonials<\/h6><h3 class=\"sc_item_title sc_testimonials_title sc_align_left sc_item_title_style_default sc_item_title_tag\">What our customers have to say<\/h3><div class=\"sc_testimonials_slider sc_item_slider slides swiper-wrapper\"><div class=\"swiper-slide\"><div class=\"sc_testimonials_item\">\n            <div class=\"sc_testimonials_item_author\">\n        <div class=\"sc_testimonials_item_author_avatar\"><img loading=\"lazy\" decoding=\"async\" width=\"322\" height=\"322\" src=\"https:\/\/beperu.com\/content\/wp-content\/uploads\/2021\/02\/imagen-79-322x322.jpg\" class=\"attachment-unitravel-thumb-testimonials size-unitravel-thumb-testimonials wp-post-image\" alt=\"Christian \u2013Promper\u00fa,  Lima, Peru\" srcset=\"https:\/\/beperu.com\/content\/wp-content\/uploads\/2021\/02\/imagen-79-322x322.jpg 322w, https:\/\/beperu.com\/content\/wp-content\/uploads\/2021\/02\/imagen-79-150x150.jpg 150w, https:\/\/beperu.com\/content\/wp-content\/uploads\/2021\/02\/imagen-79-65x65.jpg 65w, https:\/\/beperu.com\/content\/wp-content\/uploads\/2021\/02\/imagen-79-90x90.jpg 90w, https:\/\/beperu.com\/content\/wp-content\/uploads\/2021\/02\/imagen-79-360x360.jpg 360w, https:\/\/beperu.com\/content\/wp-content\/uploads\/2021\/02\/imagen-79-484x484.jpg 484w, https:\/\/beperu.com\/content\/wp-content\/uploads\/2021\/02\/imagen-79-100x100.jpg 100w, https:\/\/beperu.com\/content\/wp-content\/uploads\/2021\/02\/imagen-79-370x370.jpg 370w\" sizes=\"auto, (max-width: 322px) 100vw, 322px\" \/><\/div>\n    <\/div>\n        \t<div class=\"sc_testimonials_item_content\"><p>Hola Diana:<br \/>\nTe alcanzo el art\u00edculo que escribi\u00f3 la periodista brasile\u00f1a de Oglobo sobre Lima. Muchas gracias por tus gestiones para que el viaje de ella salga muy bien.<\/p>\n<\/div>\n\t\t<div class=\"sc_testimonials_item_author_data\">\n\t\t\t<h4 class=\"sc_testimonials_item_author_title\">Christian \u2013Promper\u00fa,  Lima, Peru<\/h4>\n\t\t\t<div class=\"sc_testimonials_item_author_subtitle\"><\/div>\n\t\t<\/div>\n<\/div>\n<\/div><div class=\"swiper-slide\"><div class=\"sc_testimonials_item\">\n            <div class=\"sc_testimonials_item_author\">\n        <div class=\"sc_testimonials_item_author_avatar\"><img loading=\"lazy\" decoding=\"async\" width=\"322\" height=\"322\" src=\"https:\/\/beperu.com\/content\/wp-content\/uploads\/2021\/02\/imagen-48-322x322.jpg\" class=\"attachment-unitravel-thumb-testimonials size-unitravel-thumb-testimonials wp-post-image\" alt=\"Shari, David, Zeke and Arielle &#8211; NYC, USA\" srcset=\"https:\/\/beperu.com\/content\/wp-content\/uploads\/2021\/02\/imagen-48-322x322.jpg 322w, https:\/\/beperu.com\/content\/wp-content\/uploads\/2021\/02\/imagen-48-150x150.jpg 150w, https:\/\/beperu.com\/content\/wp-content\/uploads\/2021\/02\/imagen-48-65x65.jpg 65w, https:\/\/beperu.com\/content\/wp-content\/uploads\/2021\/02\/imagen-48-90x90.jpg 90w, https:\/\/beperu.com\/content\/wp-content\/uploads\/2021\/02\/imagen-48-360x360.jpg 360w, https:\/\/beperu.com\/content\/wp-content\/uploads\/2021\/02\/imagen-48-484x484.jpg 484w, https:\/\/beperu.com\/content\/wp-content\/uploads\/2021\/02\/imagen-48-100x100.jpg 100w, https:\/\/beperu.com\/content\/wp-content\/uploads\/2021\/02\/imagen-48-370x370.jpg 370w\" sizes=\"auto, (max-width: 322px) 100vw, 322px\" \/><\/div>\n    <\/div>\n        \t<div class=\"sc_testimonials_item_content\"><p>Dear Diana:<br \/>\nWe just landed at Newark\u2026.to sum it up, we had a fantastic visit to Peru.<\/p>\n<p>We want to thank you for planning all of the details from beginning to end- each hotel, each tour guide&#8230;The kids really enjoyed every step of the way as did we!!<\/p>\n<p>You were so wonderful to work with!! We will recommend you to our friends who plan to come to Peru!!<\/p>\n<p>Best regards and much appreciation.<\/p>\n<\/div>\n\t\t<div class=\"sc_testimonials_item_author_data\">\n\t\t\t<h4 class=\"sc_testimonials_item_author_title\">Shari, David, Zeke and Arielle &#8211; NYC, USA<\/h4>\n\t\t\t<div class=\"sc_testimonials_item_author_subtitle\"><\/div>\n\t\t<\/div>\n<\/div>\n<\/div><div class=\"swiper-slide\"><div class=\"sc_testimonials_item\">\n            <div class=\"sc_testimonials_item_author\">\n        <div class=\"sc_testimonials_item_author_avatar\"><img loading=\"lazy\" decoding=\"async\" width=\"322\" height=\"322\" src=\"https:\/\/beperu.com\/content\/wp-content\/uploads\/2021\/02\/imagen-16-322x322.jpg\" class=\"attachment-unitravel-thumb-testimonials size-unitravel-thumb-testimonials wp-post-image\" alt=\"Christian \u2013Promper\u00fa,  Lima, Peru\" srcset=\"https:\/\/beperu.com\/content\/wp-content\/uploads\/2021\/02\/imagen-16-322x322.jpg 322w, https:\/\/beperu.com\/content\/wp-content\/uploads\/2021\/02\/imagen-16-150x150.jpg 150w, https:\/\/beperu.com\/content\/wp-content\/uploads\/2021\/02\/imagen-16-65x65.jpg 65w, https:\/\/beperu.com\/content\/wp-content\/uploads\/2021\/02\/imagen-16-90x90.jpg 90w, https:\/\/beperu.com\/content\/wp-content\/uploads\/2021\/02\/imagen-16-360x360.jpg 360w, https:\/\/beperu.com\/content\/wp-content\/uploads\/2021\/02\/imagen-16-484x484.jpg 484w, https:\/\/beperu.com\/content\/wp-content\/uploads\/2021\/02\/imagen-16-100x100.jpg 100w, https:\/\/beperu.com\/content\/wp-content\/uploads\/2021\/02\/imagen-16-370x370.jpg 370w\" sizes=\"auto, (max-width: 322px) 100vw, 322px\" \/><\/div>\n    <\/div>\n        \t<div class=\"sc_testimonials_item_content\"><p>Hola Diana:<br \/>\nMuchas gracias por tu ayuda para que el press tour de Colombia salga muy bien.<\/p>\n<\/div>\n\t\t<div class=\"sc_testimonials_item_author_data\">\n\t\t\t<h4 class=\"sc_testimonials_item_author_title\">Christian \u2013Promper\u00fa,  Lima, Peru<\/h4>\n\t\t\t<div class=\"sc_testimonials_item_author_subtitle\"><\/div>\n\t\t<\/div>\n<\/div>\n<\/div><div class=\"swiper-slide\"><div class=\"sc_testimonials_item\">\n            <div class=\"sc_testimonials_item_author\">\n        <div class=\"sc_testimonials_item_author_avatar\"><img loading=\"lazy\" decoding=\"async\" width=\"322\" height=\"322\" src=\"https:\/\/beperu.com\/content\/wp-content\/uploads\/2021\/02\/imagen-35-322x322.jpg\" class=\"attachment-unitravel-thumb-testimonials size-unitravel-thumb-testimonials wp-post-image\" alt=\"University in USA\" srcset=\"https:\/\/beperu.com\/content\/wp-content\/uploads\/2021\/02\/imagen-35-322x322.jpg 322w, https:\/\/beperu.com\/content\/wp-content\/uploads\/2021\/02\/imagen-35-150x150.jpg 150w, https:\/\/beperu.com\/content\/wp-content\/uploads\/2021\/02\/imagen-35-65x65.jpg 65w, https:\/\/beperu.com\/content\/wp-content\/uploads\/2021\/02\/imagen-35-90x90.jpg 90w, https:\/\/beperu.com\/content\/wp-content\/uploads\/2021\/02\/imagen-35-360x360.jpg 360w, https:\/\/beperu.com\/content\/wp-content\/uploads\/2021\/02\/imagen-35-484x484.jpg 484w, https:\/\/beperu.com\/content\/wp-content\/uploads\/2021\/02\/imagen-35-100x100.jpg 100w, https:\/\/beperu.com\/content\/wp-content\/uploads\/2021\/02\/imagen-35-370x370.jpg 370w\" sizes=\"auto, (max-width: 322px) 100vw, 322px\" \/><\/div>\n    <\/div>\n        \t<div class=\"sc_testimonials_item_content\"><p>As you know we went to visit the client a face to face wrap up on all of the programs. When we went over Lima, They literally said that you are the country manager they strive for in all of their programs. They always refer to if the program manager is up to \u201c Diana\u2019s Level\u201d or not. They gave us the best reviews for the entire Lima program. Thank you so much!!!! We appreciate all that you do. (The other locations did not get nearly as good as a review that you did).<\/p>\n<\/div>\n\t\t<div class=\"sc_testimonials_item_author_data\">\n\t\t\t<h4 class=\"sc_testimonials_item_author_title\">University in USA<\/h4>\n\t\t\t<div class=\"sc_testimonials_item_author_subtitle\"><\/div>\n\t\t<\/div>\n<\/div>\n<\/div><div class=\"swiper-slide\"><div class=\"sc_testimonials_item\">\n            <div class=\"sc_testimonials_item_author\">\n        <div class=\"sc_testimonials_item_author_avatar\"><img loading=\"lazy\" decoding=\"async\" width=\"322\" height=\"322\" src=\"https:\/\/beperu.com\/content\/wp-content\/uploads\/2021\/02\/imagen-36-322x322.jpg\" class=\"attachment-unitravel-thumb-testimonials size-unitravel-thumb-testimonials wp-post-image\" alt=\"V. Ahuja and family &#8211; USA\" srcset=\"https:\/\/beperu.com\/content\/wp-content\/uploads\/2021\/02\/imagen-36-322x322.jpg 322w, https:\/\/beperu.com\/content\/wp-content\/uploads\/2021\/02\/imagen-36-150x150.jpg 150w, https:\/\/beperu.com\/content\/wp-content\/uploads\/2021\/02\/imagen-36-65x65.jpg 65w, https:\/\/beperu.com\/content\/wp-content\/uploads\/2021\/02\/imagen-36-90x90.jpg 90w, https:\/\/beperu.com\/content\/wp-content\/uploads\/2021\/02\/imagen-36-360x360.jpg 360w, https:\/\/beperu.com\/content\/wp-content\/uploads\/2021\/02\/imagen-36-484x484.jpg 484w, https:\/\/beperu.com\/content\/wp-content\/uploads\/2021\/02\/imagen-36-100x100.jpg 100w, https:\/\/beperu.com\/content\/wp-content\/uploads\/2021\/02\/imagen-36-370x370.jpg 370w\" sizes=\"auto, (max-width: 322px) 100vw, 322px\" \/><\/div>\n    <\/div>\n        \t<div class=\"sc_testimonials_item_content\"><p>\u201cWe still reminisce about the good time we had in Peru and I wanted to thank you for the impeccable organization of our tour. Everything was perfect. All the people who provided support (guides, drivers, hotels etc) were polite, punctual, sincere and responsive. Please convey our thanks to all those who provided support during our tour\u201d<\/p>\n<\/div>\n\t\t<div class=\"sc_testimonials_item_author_data\">\n\t\t\t<h4 class=\"sc_testimonials_item_author_title\">V. Ahuja and family &#8211; USA<\/h4>\n\t\t\t<div class=\"sc_testimonials_item_author_subtitle\"><\/div>\n\t\t<\/div>\n<\/div>\n<\/div><div class=\"swiper-slide\"><div class=\"sc_testimonials_item\">\n            <div class=\"sc_testimonials_item_author\">\n        <div class=\"sc_testimonials_item_author_avatar\"><img loading=\"lazy\" decoding=\"async\" width=\"322\" height=\"322\" src=\"https:\/\/beperu.com\/content\/wp-content\/uploads\/2021\/02\/imagen-29-322x322.jpg\" class=\"attachment-unitravel-thumb-testimonials size-unitravel-thumb-testimonials wp-post-image\" alt=\"Jon and Sheila \/ Hawaii \u2013 USA\" srcset=\"https:\/\/beperu.com\/content\/wp-content\/uploads\/2021\/02\/imagen-29-322x322.jpg 322w, https:\/\/beperu.com\/content\/wp-content\/uploads\/2021\/02\/imagen-29-150x150.jpg 150w, https:\/\/beperu.com\/content\/wp-content\/uploads\/2021\/02\/imagen-29-65x65.jpg 65w, https:\/\/beperu.com\/content\/wp-content\/uploads\/2021\/02\/imagen-29-90x90.jpg 90w, https:\/\/beperu.com\/content\/wp-content\/uploads\/2021\/02\/imagen-29-360x360.jpg 360w, https:\/\/beperu.com\/content\/wp-content\/uploads\/2021\/02\/imagen-29-484x484.jpg 484w, https:\/\/beperu.com\/content\/wp-content\/uploads\/2021\/02\/imagen-29-100x100.jpg 100w, https:\/\/beperu.com\/content\/wp-content\/uploads\/2021\/02\/imagen-29-370x370.jpg 370w\" sizes=\"auto, (max-width: 322px) 100vw, 322px\" \/><\/div>\n    <\/div>\n        \t<div class=\"sc_testimonials_item_content\"><p>Diana,<br \/>\nOur trip was fabulous, beyond our dreams! Everything worked out so well &#8211; my wife says she is still overwhelmed with how great everything was. Erik was wonderful, and Robinson was a great driver. We were amazed at the Nazca lines and the wildlife at the Ballestas islands.<\/p>\n<p>The Marriott in Cusco was awesome. Our guide, Alberto, at Machu Picchu was terrific. We loved the food in Peru. We will certainly recommend Be Peru to our friends.<\/p>\n<p>Thanks so much for your responsiveness and putting together such a perfect package!!<\/p>\n<\/div>\n\t\t<div class=\"sc_testimonials_item_author_data\">\n\t\t\t<h4 class=\"sc_testimonials_item_author_title\">Jon and Sheila \/ Hawaii \u2013 USA<\/h4>\n\t\t\t<div class=\"sc_testimonials_item_author_subtitle\"><\/div>\n\t\t<\/div>\n<\/div>\n<\/div><\/div><div class=\"slider_controls_wrap\"><a class=\"slider_prev swiper-button-prev\" href=\"#\"><\/a><a class=\"slider_next swiper-button-next\" href=\"#\"><\/a><\/div><div class=\"slider_pagination_wrap swiper-pagination\"><\/div><\/div><!-- \/.sc_testimonials -->[\/vc_column][\/vc_row]<\/p>\n<\/div>","protected":false},"excerpt":{"rendered":"<p>[vc_row full_width=\u00bbstretch_row\u00bb css=\u00bb.vc_custom_1611545808613{padding-top: 8.45rem !important;padding-bottom: 3rem !important;background-image: url(http:\/\/beperu.com\/content\/wp-content\/uploads\/2021\/01\/about_1_bg1.jpg?id=1074) !important;background-position: center !important;background-repeat: no-repeat !important;background-size: cover !important;}\u00bb el_class=\u00bbabout_1&#8243;][vc_column][\/vc_column][\/vc_row][vc_row el_class=\u00bbtestimonials_1&#8243; css=\u00bb.vc_custom_1486199694641{padding-top: 7.2rem !important;padding-bottom: 6.5rem !important;}\u00bb][vc_column][\/vc_column][\/vc_row]<\/p>\n","protected":false},"author":1,"featured_media":0,"parent":0,"menu_order":0,"comment_status":"closed","ping_status":"closed","template":"","meta":{"footnotes":""},"class_list":["post-1259","page","type-page","status-publish","hentry"],"lang":"en","translations":{"en":1259},"pll_sync_post":[],"_links":{"self":[{"href":"https:\/\/beperu.com\/content\/wp-json\/wp\/v2\/pages\/1259","targetHints":{"allow":["GET"]}}],"collection":[{"href":"https:\/\/beperu.com\/content\/wp-json\/wp\/v2\/pages"}],"about":[{"href":"https:\/\/beperu.com\/content\/wp-json\/wp\/v2\/types\/page"}],"author":[{"embeddable":true,"href":"https:\/\/beperu.com\/content\/wp-json\/wp\/v2\/users\/1"}],"replies":[{"embeddable":true,"href":"https:\/\/beperu.com\/content\/wp-json\/wp\/v2\/comments?post=1259"}],"version-history":[{"count":5,"href":"https:\/\/beperu.com\/content\/wp-json\/wp\/v2\/pages\/1259\/revisions"}],"predecessor-version":[{"id":1490,"href":"https:\/\/beperu.com\/content\/wp-json\/wp\/v2\/pages\/1259\/revisions\/1490"}],"wp:attachment":[{"href":"https:\/\/beperu.com\/content\/wp-json\/wp\/v2\/media?parent=1259"}],"curies":[{"name":"wp","href":"https:\/\/api.w.org\/{rel}","templated":true}]}}