{"id":1250,"date":"2021-02-08T06:27:03","date_gmt":"2021-02-08T11:27:03","guid":{"rendered":"http:\/\/beperu.com\/content\/?page_id=1250"},"modified":"2021-02-10T18:16:39","modified_gmt":"2021-02-10T23:16:39","slug":"destinos-ingles","status":"publish","type":"page","link":"https:\/\/beperu.com\/content\/en\/destinos-ingles\/","title":{"rendered":"DESTINATIONS"},"content":{"rendered":"<div class=\"wpb-content-wrapper\"><p>[vc_row css=\u00bb.vc_custom_1612894785331{padding-top: 2.1rem !important;}\u00bb el_class=\u00bbservices_2&#8243;][vc_column][vc_column_text css=\u00bb.vc_custom_1612975008979{margin-bottom: 30px !important;}\u00bb]<span style=\"justify-content: center; align-items: center; line-height: 150%;\">\u00a0<\/span><\/p>\n<p style=\"text-align: center;\"><span style=\"font-size: 250%; font-family: Yanone Kaffeesatz; color: #4b5664; line-height: 200%;\">Find your<\/span><br \/>\n<span style=\"font-size: 350%; color: #de4364; font-weight: bold; font-family: Yanone Kaffeesatz;\">DESTINATION<\/span><\/p>\n<p>[\/vc_column_text][\/vc_column][\/vc_row][vc_row css=\u00bb.vc_custom_1612890441463{padding-bottom: 8rem !important;}\u00bb][vc_column width=\u00bb1\/3&#8243;]<a href=\"https:\/\/beperu.com\/content\/wp-content\/uploads\/2021\/02\/cusco.jpg\" class=\"fluidbox-image\" data-margin=\"0 12px 0 12px\" data-float=\"none\"><img decoding=\"async\" src=\"https:\/\/beperu.com\/content\/wp-content\/uploads\/2021\/02\/cusco-360x195.jpg\" width=\"360\" style=\"float:none;margin:0 12px 0 12px\" alt=\"cusco\" \/><\/a><span style=\"justify-content: center; align-items: center; line-height: 150%;\">\u00a0<\/span><\/p>\n<p style=\"text-align: center;\"><span style=\"font-size: 230%; font-family: Yanone Kaffeesatz; color: #4b5664; font-weight: bold; line-height: 110%;\">C<\/span><span style=\"font-size: 230%; font-family: Yanone Kaffeesatz; color: #4b5664; font-weight: bold; line-height: 110%;\">UZCO<\/span><\/p>\n<p style=\"text-align: center;\">Discover the millenary history of the incas \u201cnavel of the world\u201d. Their legacy still remains for all in the Koricancha temple, Quenqo, Tambomachay, Ollantaytambo, the colorful market of Pisac, the town of Chincheros, the Fortress of Sacsayhuam\u00e1n, PucaPucar\u00e1, Machu Picchu, Huayna Picchu and the Moray terraces.<\/p>\n<p style=\"text-align: center;\">.<\/p>\n<p>[\/vc_column][vc_column width=\u00bb1\/3&#8243;]<a href=\"https:\/\/beperu.com\/content\/wp-content\/uploads\/2021\/02\/AREQUIPA.jpg\" class=\"fluidbox-image\" data-margin=\"0 12px 0 12px\" data-float=\"none\"><img decoding=\"async\" src=\"https:\/\/beperu.com\/content\/wp-content\/uploads\/2021\/02\/AREQUIPA-360x195.jpg\" width=\"360\" style=\"float:none;margin:0 12px 0 12px\" alt=\"AREQUIPA\" \/><\/a><span style=\"justify-content: center; align-items: center; line-height: 150%;\">\u00a0<\/span><\/p>\n<p style=\"text-align: center;\"><span style=\"font-size: 230%; font-family: Yanone Kaffeesatz; color: #4b5664; font-weight: bold; line-height: 110%;\">AREQUIPA<\/span><\/p>\n<p style=\"text-align: center;\">In the very wellknown White City, you can visit the Iglesia de la Compa\u00f1\u00eda, the Mirador de Yanahuara and the beautiful Monastery of Santa Catalina. Dive in the nature of the Colca valley. The Misti volcano will always join you during your stay in the city.<\/p>\n<p>[\/vc_column][vc_column width=\u00bb1\/3&#8243;]<a href=\"https:\/\/beperu.com\/content\/wp-content\/uploads\/2021\/02\/PUNO.jpg\" class=\"fluidbox-image\" data-margin=\"0 12px 0 12px\" data-float=\"none\"><img decoding=\"async\" src=\"https:\/\/beperu.com\/content\/wp-content\/uploads\/2021\/02\/PUNO-360x195.jpg\" width=\"360\" style=\"float:none;margin:0 12px 0 12px\" alt=\"PUNO\" \/><\/a><span style=\"justify-content: center; align-items: center; line-height: 150%;\">\u00a0<\/span><\/p>\n<p style=\"text-align: center;\"><span style=\"font-size: 230%; font-family: Yanone Kaffeesatz; color: #4b5664; font-weight: bold; line-height: 110%;\">PUNO<\/span><\/p>\n<p style=\"text-align: center;\">Experience the living culture of lake Titicaca, the highest navigable lake in the world, with the communities who still have a legacy in the Suasi and Taquile Islands.<\/p>\n<p>[\/vc_column][\/vc_row][vc_row css=\u00bb.vc_custom_1612890441463{padding-bottom: 8rem !important;}\u00bb][vc_column width=\u00bb1\/3&#8243;]<a href=\"https:\/\/beperu.com\/content\/wp-content\/uploads\/2021\/02\/MADRE-DE-DIOS.jpg\" class=\"fluidbox-image\" data-margin=\"0 12px 0 12px\" data-float=\"none\"><img decoding=\"async\" src=\"https:\/\/beperu.com\/content\/wp-content\/uploads\/2021\/02\/MADRE-DE-DIOS-360x195.jpg\" width=\"360\" style=\"float:none;margin:0 12px 0 12px\" alt=\"MADRE-DE-DIOS\" \/><\/a><span style=\"justify-content: center; align-items: center; line-height: 150%;\">\u00a0<\/span><\/p>\n<p style=\"text-align: center;\"><span style=\"font-size: 230%; font-family: Yanone Kaffeesatz; color: #4b5664; font-weight: bold; line-height: 110%;\">MADRE DE DIOS<\/span><\/p>\n<p style=\"text-align: center;\">You\u2019ll be surrounded by nature when visiting the National Reserve of\u00a0 Tambopata, Manu National Park and the National Park Bahuaja-Sonene.<\/p>\n<p style=\"text-align: center;\">.<\/p>\n<p>[\/vc_column][vc_column width=\u00bb1\/3&#8243;]<a href=\"https:\/\/beperu.com\/content\/wp-content\/uploads\/2021\/02\/ICA.jpg\" class=\"fluidbox-image\" data-margin=\"0 12px 0 12px\" data-float=\"none\"><img decoding=\"async\" src=\"https:\/\/beperu.com\/content\/wp-content\/uploads\/2021\/02\/ICA-360x195.jpg\" width=\"360\" style=\"float:none;margin:0 12px 0 12px\" alt=\"ICA\" \/><\/a><span style=\"justify-content: center; align-items: center; line-height: 150%;\">\u00a0<\/span><\/p>\n<p style=\"text-align: center;\"><span style=\"font-size: 230%; font-family: Yanone Kaffeesatz; color: #4b5664; font-weight: bold; line-height: 110%;\">ICA<\/span><\/p>\n<p style=\"text-align: center;\">The vineyards and the best pisco in Peru you\u2019ll find it in this region. Don\u2019t forget to stop by and take the tour to the Ballestas Islands and the mysterious drawing of El Candelabro, the National Reserve of Paracas and enjoy an overflight of the Nazca lines.<\/p>\n<p>[\/vc_column][vc_column width=\u00bb1\/3&#8243;]<a href=\"https:\/\/beperu.com\/content\/wp-content\/uploads\/2021\/02\/LORETO.jpg\" class=\"fluidbox-image\" data-margin=\"0 12px 0 12px\" data-float=\"none\"><img decoding=\"async\" src=\"https:\/\/beperu.com\/content\/wp-content\/uploads\/2021\/02\/LORETO-360x195.jpg\" width=\"360\" style=\"float:none;margin:0 12px 0 12px\" alt=\"LORETO\" \/><\/a><span style=\"justify-content: center; align-items: center; line-height: 150%;\">\u00a0<\/span><\/p>\n<p style=\"text-align: center;\"><span style=\"font-size: 230%; font-family: Yanone Kaffeesatz; color: #4b5664; font-weight: bold; line-height: 110%;\">LORETO<\/span><\/p>\n<p style=\"text-align: center;\">The Amazon river invites you to open a path into the nature of the Peruvian jungle in the Lake Zungarococha and the Almendra port. Enjoy the warmth and the music of the people in the city of Iquitos.<\/p>\n<p>[\/vc_column][\/vc_row][vc_row css=\u00bb.vc_custom_1612890441463{padding-bottom: 8rem !important;}\u00bb][vc_column width=\u00bb1\/3&#8243;]<a href=\"https:\/\/beperu.com\/content\/wp-content\/uploads\/2021\/02\/LIMA.jpg\" class=\"fluidbox-image\" data-margin=\"0 12px 0 12px\" data-float=\"none\"><img decoding=\"async\" src=\"https:\/\/beperu.com\/content\/wp-content\/uploads\/2021\/02\/LIMA-360x195.jpg\" width=\"360\" style=\"float:none;margin:0 12px 0 12px\" alt=\"LIMA\" \/><\/a><span style=\"justify-content: center; align-items: center; line-height: 150%;\">\u00a0<\/span><\/p>\n<p style=\"text-align: center;\"><span style=\"font-size: 230%; font-family: Yanone Kaffeesatz; color: #4b5664; font-weight: bold; line-height: 110%;\">LIMA<\/span><\/p>\n<p style=\"text-align: center;\">Find the living history in the capital of Peru, where the spirit of the huacas, museums and colonial and vice-royal architecture merge with the cosmo life of Miraflores, Barranco, San Isidro and Callao.<\/p>\n<p style=\"text-align: center;\">.<\/p>\n<p>[\/vc_column][vc_column width=\u00bb1\/3&#8243;]<a href=\"https:\/\/beperu.com\/content\/wp-content\/uploads\/2021\/02\/LA-LIBERTQAD.jpg\" class=\"fluidbox-image\" data-margin=\"0 12px 0 12px\" data-float=\"none\"><img decoding=\"async\" src=\"https:\/\/beperu.com\/content\/wp-content\/uploads\/2021\/02\/LA-LIBERTQAD-360x195.jpg\" width=\"360\" style=\"float:none;margin:0 12px 0 12px\" alt=\"LA-LIBERTAD\" \/><\/a><span style=\"justify-content: center; align-items: center; line-height: 150%;\">\u00a0<\/span><\/p>\n<p style=\"text-align: center;\"><span style=\"font-size: 230%; font-family: Yanone Kaffeesatz; color: #4b5664; font-weight: bold; line-height: 110%;\">LA LIBERTAD<\/span><\/p>\n<p style=\"text-align: center;\">Huanchaco beach is waiting for you to surf on the millenary \u201ccaballos de totora\u201d. Learn more about the history of the moche warriors visiting the Huaca of the Sun and the Moon, the Huaca Esmeralda, the Huaca of the Dragon and the amazing city made of adobe: Chan Chan.<\/p>\n<p>[\/vc_column][vc_column width=\u00bb1\/3&#8243;]<a href=\"https:\/\/beperu.com\/content\/wp-content\/uploads\/2021\/02\/CAJAMARCA.jpg\" class=\"fluidbox-image\" data-margin=\"0 12px 0 12px\" data-float=\"none\"><img decoding=\"async\" src=\"https:\/\/beperu.com\/content\/wp-content\/uploads\/2021\/02\/CAJAMARCA-360x195.jpg\" width=\"360\" style=\"float:none;margin:0 12px 0 12px\" alt=\"CAJAMARCA\" \/><\/a><span style=\"justify-content: center; align-items: center; line-height: 150%;\">\u00a0<\/span><\/p>\n<p style=\"text-align: center;\"><span style=\"font-size: 230%; font-family: Yanone Kaffeesatz; color: #4b5664; font-weight: bold; line-height: 110%;\">CAJAMARCA<\/span><\/p>\n<p style=\"text-align: center;\">By excellence, Cajamarca is the better place for its catholique devotion and the expression of the colorful crafts like the &#8216;retablos&#8217;. Besides you can visit the historical Pampa de la Quinua.<\/p>\n<p>[\/vc_column][\/vc_row][vc_row css=\u00bb.vc_custom_1612890441463{padding-bottom: 8rem !important;}\u00bb][vc_column width=\u00bb1\/3&#8243;]<a href=\"https:\/\/beperu.com\/content\/wp-content\/uploads\/2021\/02\/LAMBAYEQUE.jpg\" class=\"fluidbox-image\" data-margin=\"0 12px 0 12px\" data-float=\"none\"><img decoding=\"async\" src=\"https:\/\/beperu.com\/content\/wp-content\/uploads\/2021\/02\/LAMBAYEQUE-360x195.jpg\" width=\"360\" style=\"float:none;margin:0 12px 0 12px\" alt=\"LAMBAYEQUE\" \/><\/a><span style=\"justify-content: center; align-items: center; line-height: 150%;\">\u00a0<\/span><\/p>\n<p style=\"text-align: center;\"><span style=\"font-size: 230%; font-family: Yanone Kaffeesatz; color: #4b5664; font-weight: bold; line-height: 110%;\">LAMBAYEQUE<\/span><\/p>\n<p style=\"text-align: center;\">Go back in time visiting the Lord of Sipan Tombs, the natural pyramids of T\u00facume and its beautiful and warm beaches.<\/p>\n<p style=\"text-align: center;\">.<\/p>\n<p>[\/vc_column][vc_column width=\u00bb1\/3&#8243;]<a href=\"https:\/\/beperu.com\/content\/wp-content\/uploads\/2021\/02\/PIURA.jpg\" class=\"fluidbox-image\" data-margin=\"0 12px 0 12px\" data-float=\"none\"><img decoding=\"async\" src=\"https:\/\/beperu.com\/content\/wp-content\/uploads\/2021\/02\/PIURA-360x195.jpg\" width=\"360\" style=\"float:none;margin:0 12px 0 12px\" alt=\"PIURA\" \/><\/a><span style=\"justify-content: center; align-items: center; line-height: 150%;\">\u00a0<\/span><\/p>\n<p style=\"text-align: center;\"><span style=\"font-size: 230%; font-family: Yanone Kaffeesatz; color: #4b5664; font-weight: bold; line-height: 110%;\">PIURA<\/span><\/p>\n<p style=\"text-align: center;\">Warm yourself with the lovely sun in the beautiful cities of Sullana, Paita, Catacaos and Talara, the amazing lake Las Huaringas and the archaeological area of Vicus.<\/p>\n<p>[\/vc_column][vc_column width=\u00bb1\/3&#8243;]<a href=\"https:\/\/beperu.com\/content\/wp-content\/uploads\/2021\/02\/TUMBES.jpg\" class=\"fluidbox-image\" data-margin=\"0 12px 0 12px\" data-float=\"none\"><img decoding=\"async\" src=\"https:\/\/beperu.com\/content\/wp-content\/uploads\/2021\/02\/TUMBES-360x195.jpg\" width=\"360\" style=\"float:none;margin:0 12px 0 12px\" alt=\"TUMBES\" \/><\/a><span style=\"justify-content: center; align-items: center; line-height: 150%;\">\u00a0<\/span><\/p>\n<p style=\"text-align: center;\"><span style=\"font-size: 230%; font-family: Yanone Kaffeesatz; color: #4b5664; font-weight: bold; line-height: 110%;\">TUMBES<\/span><\/p>\n<p style=\"text-align: center;\">It is the smallest region in the country where you can visit the commercial area in the city, the Tumbes Mangrove National Sanctuary, the Biosphere Reserve, Puerto Pizarro, Punta Sal and Zorritos beaches.<\/p>\n<p>[\/vc_column][\/vc_row][vc_row css=\u00bb.vc_custom_1612890441463{padding-bottom: 8rem !important;}\u00bb][vc_column width=\u00bb1\/3&#8243;]<a href=\"https:\/\/beperu.com\/content\/wp-content\/uploads\/2021\/02\/AMAZONAS.jpg\" class=\"fluidbox-image\" data-margin=\"0 12px 0 12px\" data-float=\"none\"><img decoding=\"async\" src=\"https:\/\/beperu.com\/content\/wp-content\/uploads\/2021\/02\/AMAZONAS-360x195.jpg\" width=\"360\" style=\"float:none;margin:0 12px 0 12px\" alt=\"AMAZONAS\" \/><\/a><span style=\"justify-content: center; align-items: center; line-height: 150%;\">\u00a0<\/span><\/p>\n<p style=\"text-align: center;\"><span style=\"font-size: 230%; font-family: Yanone Kaffeesatz; color: #4b5664; font-weight: bold; line-height: 110%;\">AMAZONAS<\/span><\/p>\n<p style=\"text-align: center;\">Enjoy the Fortress of Kuelap and the sarcophagus of Caraj\u00eda. Don\u2019t forget to visit the lake of Los C\u00f3ndores.<\/p>\n<p style=\"text-align: center;\">.<\/p>\n<p>[\/vc_column][vc_column width=\u00bb1\/3&#8243;]<a href=\"https:\/\/beperu.com\/content\/wp-content\/uploads\/2021\/02\/ANCASH.jpg\" class=\"fluidbox-image\" data-margin=\"0 12px 0 12px\" data-float=\"none\"><img decoding=\"async\" src=\"https:\/\/beperu.com\/content\/wp-content\/uploads\/2021\/02\/ANCASH-360x195.jpg\" width=\"360\" style=\"float:none;margin:0 12px 0 12px\" alt=\"ANCASH\" \/><\/a><span style=\"justify-content: center; align-items: center; line-height: 150%;\">\u00a0<\/span><\/p>\n<p style=\"text-align: center;\"><span style=\"font-size: 230%; font-family: Yanone Kaffeesatz; color: #4b5664; font-weight: bold; line-height: 110%;\">ANCASH<\/span><\/p>\n<p style=\"text-align: center;\">You can visit the archaeological site of Chav\u00edn de Hu\u00e1ntar, trekking in the Huascar\u00e1n peak and Alpamayo peak located at the White Range (\u201cCordillera Blanca\u201d) and take a lot of pictures in the Llankanuku Lakes.<\/p>\n<p>[\/vc_column][vc_column width=\u00bb1\/3&#8243;]<a href=\"https:\/\/beperu.com\/content\/wp-content\/uploads\/2021\/02\/UCAYALI.jpg\" class=\"fluidbox-image\" data-margin=\"0 12px 0 12px\" data-float=\"none\"><img decoding=\"async\" src=\"https:\/\/beperu.com\/content\/wp-content\/uploads\/2021\/02\/UCAYALI-360x195.jpg\" width=\"360\" style=\"float:none;margin:0 12px 0 12px\" alt=\"UCAYALI\" \/><\/a><span style=\"justify-content: center; align-items: center; line-height: 150%;\">\u00a0<\/span><\/p>\n<p style=\"text-align: center;\"><span style=\"font-size: 230%; font-family: Yanone Kaffeesatz; color: #4b5664; font-weight: bold; line-height: 110%;\">UCAYALI<\/span><\/p>\n<p style=\"text-align: center;\">Introduce yourself into the Native Community San Francisco and visit the Natural Park and Regional Museum of Pucallpa.<\/p>\n<p>[\/vc_column][\/vc_row][vc_row css=\u00bb.vc_custom_1612890441463{padding-bottom: 8rem !important;}\u00bb][vc_column width=\u00bb1\/3&#8243;][\/vc_column][vc_column width=\u00bb1\/3&#8243;]<a href=\"https:\/\/beperu.com\/content\/wp-content\/uploads\/2021\/02\/SAN-MATIN.jpg\" class=\"fluidbox-image\" data-margin=\"0 12px 0 12px\" data-float=\"none\"><img decoding=\"async\" src=\"https:\/\/beperu.com\/content\/wp-content\/uploads\/2021\/02\/SAN-MATIN-360x195.jpg\" width=\"360\" style=\"float:none;margin:0 12px 0 12px\" alt=\"SAN-MARTIN\" \/><\/a><span style=\"justify-content: center; align-items: center; line-height: 150%;\">\u00a0<\/span><\/p>\n<p style=\"text-align: center;\"><span style=\"font-size: 230%; font-family: Yanone Kaffeesatz; color: #4b5664; font-weight: bold; line-height: 110%;\">SAN MARTIN<\/span><\/p>\n<p style=\"text-align: center;\">The beautiful and always happy city of Tarapoto waits for us with the dances and the jungle\u2019s costumes.<\/p>\n<p>[\/vc_column][vc_column width=\u00bb1\/3&#8243;][\/vc_column][\/vc_row][vc_row][vc_column][vc_column_text css=\u00bb.vc_custom_1612993551677{padding-bottom: 20px !important;}\u00bb]<\/p>\n<p style=\"text-align: center;\"><em><strong>CREDITS \/ COPYRIGHT: PROMPERU &#8211; Various artists<\/strong><\/em><\/p>\n<p>[\/vc_column_text][\/vc_column][\/vc_row][vc_row full_width=\u00bbstretch_row\u00bb css=\u00bb.vc_custom_1611551675767{padding-top: 8.45rem !important;padding-bottom: 3rem !important;background-image: url(http:\/\/beperu.com\/content\/wp-content\/uploads\/2021\/01\/about_2_bg-1.jpg?id=1093) !important;background-position: center !important;background-repeat: no-repeat !important;background-size: cover !important;}\u00bb el_class=\u00bbabout_2&#8243;][vc_column]<div  id=\"sc_promo_1537270503\" \n\tclass=\"sc_promo sc_promo_default sc_promo_size_normal sc_promo_image_position_left\"><div class=\"sc_promo_image\" style=\"background-image:url(https:\/\/beperu.com\/content\/wp-content\/uploads\/2021\/01\/about_2-1_img.jpg);width:50%;left: 0;\"><div class=\"sc_promo_banner_wrap\"><div class=\"sc_promo_banner\">Choice<i>of the month!<\/i><\/div><\/div> <\/div><div class=\"sc_promo_text\" style=\"width: 50%;float: right;\">\n\t\t\t<div class=\"sc_promo_text_inner\" style=\"\"><h1 class=\"sc_item_title sc_promo_title sc_align_left sc_item_title_style_default sc_item_title_tag\">A SPECIAL SELECTION<\/h1><div class=\"sc_item_descr sc_promo_descr sc_align_left sc_item_title_style_default\">Peru is one of the most attractive tourist destinations in the world and is the ideal destination for our individual, group, student or incentive travel, even corporate; as on the coast, mountain area and jungle we can find hotels, meeting rooms and services that adapt to the requirements and expectations of our travelers.<\/div><div class=\"sc_promo_content sc_item_content\">[vc_row_inner][vc_column_inner width=\u00bb1\/2&#8243;][vc_column_text][\/vc_column_text][vc_btn title=\u00bbSee gallery\u00bb style=\u00bbcustom\u00bb custom_background=\u00bb#de4364&#8243; custom_text=\u00bb#ffffff\u00bb shape=\u00bbround\u00bb size=\u00bbsm\u00bb link=\u00bburl:https%3A%2F%2Fbeperu.com%2Fcontent%2Fen%2Fgaleria-ingles%2F|||\u00bb][\/vc_column_inner][vc_column_inner width=\u00bb1\/2&#8243;][vc_column_text][\/vc_column_text][\/vc_column_inner][\/vc_row_inner]<\/div><\/div>\n\t\t<\/div><!-- \/.sc_promo_text --><\/div><!-- \/.sc_promo -->[\/vc_column][\/vc_row]<\/p>\n<\/div>","protected":false},"excerpt":{"rendered":"<p>[vc_row css=\u00bb.vc_custom_1612894785331{padding-top: 2.1rem !important;}\u00bb el_class=\u00bbservices_2&#8243;][vc_column][vc_column_text css=\u00bb.vc_custom_1612975008979{margin-bottom: 30px !important;}\u00bb]\u00a0 Find your DESTINATION [\/vc_column_text][\/vc_column][\/vc_row][vc_row css=\u00bb.vc_custom_1612890441463{padding-bottom: 8rem !important;}\u00bb][vc_column width=\u00bb1\/3&#8243;][\/vc_column][vc_column width=\u00bb1\/3&#8243;][\/vc_column][vc_column width=\u00bb1\/3&#8243;][\/vc_column][\/vc_row][vc_row css=\u00bb.vc_custom_1612890441463{padding-bottom: 8rem !important;}\u00bb][vc_column width=\u00bb1\/3&#8243;][\/vc_column][vc_column width=\u00bb1\/3&#8243;][\/vc_column][vc_column width=\u00bb1\/3&#8243;][\/vc_column][\/vc_row][vc_row css=\u00bb.vc_custom_1612890441463{padding-bottom: 8rem !important;}\u00bb][vc_column width=\u00bb1\/3&#8243;][\/vc_column][vc_column width=\u00bb1\/3&#8243;][\/vc_column][vc_column width=\u00bb1\/3&#8243;][\/vc_column][\/vc_row][vc_row&hellip;<\/p>\n","protected":false},"author":1,"featured_media":0,"parent":0,"menu_order":0,"comment_status":"closed","ping_status":"closed","template":"","meta":{"footnotes":""},"class_list":["post-1250","page","type-page","status-publish","hentry"],"lang":"en","translations":{"en":1250,"es":1024},"pll_sync_post":[],"_links":{"self":[{"href":"https:\/\/beperu.com\/content\/wp-json\/wp\/v2\/pages\/1250","targetHints":{"allow":["GET"]}}],"collection":[{"href":"https:\/\/beperu.com\/content\/wp-json\/wp\/v2\/pages"}],"about":[{"href":"https:\/\/beperu.com\/content\/wp-json\/wp\/v2\/types\/page"}],"author":[{"embeddable":true,"href":"https:\/\/beperu.com\/content\/wp-json\/wp\/v2\/users\/1"}],"replies":[{"embeddable":true,"href":"https:\/\/beperu.com\/content\/wp-json\/wp\/v2\/comments?post=1250"}],"version-history":[{"count":18,"href":"https:\/\/beperu.com\/content\/wp-json\/wp\/v2\/pages\/1250\/revisions"}],"predecessor-version":[{"id":1492,"href":"https:\/\/beperu.com\/content\/wp-json\/wp\/v2\/pages\/1250\/revisions\/1492"}],"wp:attachment":[{"href":"https:\/\/beperu.com\/content\/wp-json\/wp\/v2\/media?parent=1250"}],"curies":[{"name":"wp","href":"https:\/\/api.w.org\/{rel}","templated":true}]}}