{"id":1024,"date":"2021-01-24T18:14:52","date_gmt":"2021-01-24T23:14:52","guid":{"rendered":"http:\/\/beperu.com\/content\/?page_id=1024"},"modified":"2021-02-10T18:16:53","modified_gmt":"2021-02-10T23:16:53","slug":"destinos-2-2","status":"publish","type":"page","link":"https:\/\/beperu.com\/content\/destinos-2-2\/","title":{"rendered":"Destinos"},"content":{"rendered":"<div class=\"wpb-content-wrapper\"><p>[vc_row full_width=\u00bbstretch_row_content_no_spaces\u00bb css=\u00bb.vc_custom_1611551836039{margin-top: 60px !important;}\u00bb][vc_column][\/vc_column][\/vc_row][vc_row][vc_column][vc_column_text]<\/p>\n<p>[\/vc_column_text][\/vc_column][\/vc_row][vc_row css=\u00bb.vc_custom_1612894785331{padding-top: 2.1rem !important;}\u00bb el_class=\u00bbservices_2&#8243;][vc_column][vc_column_text css=\u00bb.vc_custom_1612971405069{margin-bottom: 30px !important;}\u00bb]<span style=\"justify-content: center; align-items: center; line-height: 150%;\">\u00a0<\/span><\/p>\n<p style=\"text-align: center;\"><span style=\"font-size: 250%; font-family: Yanone Kaffeesatz; color: #4b5664; line-height: 200%;\">Encuentra<\/span><br \/>\n<span style=\"font-size: 350%; color: #de4364; font-weight: bold; font-family: Yanone Kaffeesatz;\">TU DESTINO<\/span><\/p>\n<p>[\/vc_column_text][\/vc_column][\/vc_row][vc_row css=\u00bb.vc_custom_1612890441463{padding-bottom: 8rem !important;}\u00bb][vc_column width=\u00bb1\/3&#8243;]<a href=\"https:\/\/beperu.com\/content\/wp-content\/uploads\/2021\/02\/cusco.jpg\" class=\"fluidbox-image\" data-margin=\"0 12px 0 12px\" data-float=\"none\"><img decoding=\"async\" src=\"https:\/\/beperu.com\/content\/wp-content\/uploads\/2021\/02\/cusco-360x195.jpg\" width=\"360\" style=\"float:none;margin:0 12px 0 12px\" alt=\"cusco\" \/><\/a><span style=\"justify-content: center; align-items: center; line-height: 150%;\">\u00a0<\/span><\/p>\n<p style=\"text-align: center;\"><a href=\"http:\/\/beperu.com\/content\/contacto-2\/\"><span style=\"font-size: 230%; font-family: Yanone Kaffeesatz; color: #4b5664; font-weight: bold; line-height: 110%;\">C<\/span><\/a><span style=\"font-size: 230%; font-family: Yanone Kaffeesatz; color: #4b5664; font-weight: bold; line-height: 110%;\">UZCO<\/span><\/p>\n<p style=\"text-align: center;\">Descubra la milenaria historia de los incas en el \u2018Ombligo del Mundo\u2019. Su legado est\u00e1 abierto a todos en el Templo del Sol o Korikancha, Quenqo, Tambomachay, Ollantaytambo, el pintoresco mercado de Pisac Chincheros, Fortaleza de Sacsayhuam\u00e1n, Puca Pucar\u00e1, Machu Picchu, Huayna Picchu y los anillos de Moray.<\/p>\n<p>[\/vc_column][vc_column width=\u00bb1\/3&#8243;]<a href=\"https:\/\/beperu.com\/content\/wp-content\/uploads\/2021\/02\/AREQUIPA.jpg\" class=\"fluidbox-image\" data-margin=\"0 12px 0 12px\" data-float=\"none\"><img decoding=\"async\" src=\"https:\/\/beperu.com\/content\/wp-content\/uploads\/2021\/02\/AREQUIPA-360x195.jpg\" width=\"360\" style=\"float:none;margin:0 12px 0 12px\" alt=\"AREQUIPA\" \/><\/a><span style=\"justify-content: center; align-items: center; line-height: 150%;\">\u00a0<\/span><\/p>\n<p style=\"text-align: center;\"><span style=\"font-size: 230%; font-family: Yanone Kaffeesatz; color: #4b5664; font-weight: bold; line-height: 110%;\">AREQUIPA<\/span><\/p>\n<p style=\"text-align: center;\">En la Ciudad Blanca puede visitar la Iglesia de la Compa\u00f1\u00eda, el Mirador de Yanahuara y el bello Monasterio de Santa Catalina. Puede perderse en la naturaleza del Valle del Colca. La vista del volc\u00e1n Misti lo acompa\u00f1ar\u00e1 durante su estad\u00eda en la ciudad.<\/p>\n<p>[\/vc_column][vc_column width=\u00bb1\/3&#8243;]<a href=\"https:\/\/beperu.com\/content\/wp-content\/uploads\/2021\/02\/PUNO.jpg\" class=\"fluidbox-image\" data-margin=\"0 12px 0 12px\" data-float=\"none\"><img decoding=\"async\" src=\"https:\/\/beperu.com\/content\/wp-content\/uploads\/2021\/02\/PUNO-360x195.jpg\" width=\"360\" style=\"float:none;margin:0 12px 0 12px\" alt=\"PUNO\" \/><\/a><span style=\"justify-content: center; align-items: center; line-height: 150%;\">\u00a0<\/span><\/p>\n<p style=\"text-align: center;\"><span style=\"font-size: 230%; font-family: Yanone Kaffeesatz; color: #4b5664; font-weight: bold; line-height: 110%;\">PUNO<\/span><\/p>\n<p>Experimente el turismo vivencial en el Lago Titicaca, el navegable m\u00e1s alto del mundo, que le ofrecen las milenarias comunidades de las Islas Suasi y Taquile.[\/vc_column][\/vc_row][vc_row css=\u00bb.vc_custom_1612890441463{padding-bottom: 8rem !important;}\u00bb][vc_column width=\u00bb1\/3&#8243;]<a href=\"https:\/\/beperu.com\/content\/wp-content\/uploads\/2021\/02\/MADRE-DE-DIOS.jpg\" class=\"fluidbox-image\" data-margin=\"0 12px 0 12px\" data-float=\"none\"><img decoding=\"async\" src=\"https:\/\/beperu.com\/content\/wp-content\/uploads\/2021\/02\/MADRE-DE-DIOS-360x195.jpg\" width=\"360\" style=\"float:none;margin:0 12px 0 12px\" alt=\"MADRE-DE-DIOS\" \/><\/a><span style=\"justify-content: center; align-items: center; line-height: 150%;\">\u00a0<\/span><\/p>\n<p style=\"text-align: center;\"><span style=\"font-size: 230%; font-family: Yanone Kaffeesatz; color: #4b5664; font-weight: bold; line-height: 110%;\">MADRE DE DIOS<\/span><\/p>\n<p style=\"text-align: center;\">Ser\u00e1 rodeado de la naturaleza en todo su esplendor cuando visite la Reserva Nacional de Tambopata, Parque Nacional del Manu y el Parque Nacional Bahuaja-Sonene.<\/p>\n<p style=\"text-align: center;\">.<\/p>\n<p>[\/vc_column][vc_column width=\u00bb1\/3&#8243;]<a href=\"https:\/\/beperu.com\/content\/wp-content\/uploads\/2021\/02\/ICA.jpg\" class=\"fluidbox-image\" data-margin=\"0 12px 0 12px\" data-float=\"none\"><img decoding=\"async\" src=\"https:\/\/beperu.com\/content\/wp-content\/uploads\/2021\/02\/ICA-360x195.jpg\" width=\"360\" style=\"float:none;margin:0 12px 0 12px\" alt=\"ICA\" \/><\/a><span style=\"justify-content: center; align-items: center; line-height: 150%;\">\u00a0<\/span><\/p>\n<p style=\"text-align: center;\"><span style=\"font-size: 230%; font-family: Yanone Kaffeesatz; color: #4b5664; font-weight: bold; line-height: 110%;\">ICA<\/span><\/p>\n<p style=\"text-align: center;\">Los vi\u00f1edos y el mejor pisco y vino del Per\u00fa lo encontrar\u00e1 en esta zona del sur. No olvide hacer una parada para hacer tours por las Islas Ballestas y el misterioso dibujo del Candelabro, la Reserva Nacional de Paracas y sobrevuele las famosas L\u00edneas de Nazca.<\/p>\n<p>[\/vc_column][vc_column width=\u00bb1\/3&#8243;]<a href=\"https:\/\/beperu.com\/content\/wp-content\/uploads\/2021\/02\/LORETO.jpg\" class=\"fluidbox-image\" data-margin=\"0 12px 0 12px\" data-float=\"none\"><img decoding=\"async\" src=\"https:\/\/beperu.com\/content\/wp-content\/uploads\/2021\/02\/LORETO-360x195.jpg\" width=\"360\" style=\"float:none;margin:0 12px 0 12px\" alt=\"LORETO\" \/><\/a><span style=\"justify-content: center; align-items: center; line-height: 150%;\">\u00a0<\/span><\/p>\n<p style=\"text-align: center;\"><span style=\"font-size: 230%; font-family: Yanone Kaffeesatz; color: #4b5664; font-weight: bold; line-height: 110%;\">LORETO<\/span><\/p>\n<p style=\"text-align: center;\">El r\u00edo Amazonas lo invita a abrirse paso a la naturaleza de la selva peruana en el Lago Zungarococha y el puerto Almendra. Disfrute la alegr\u00eda y la m\u00fasica de su gente en la ciudad de Iquitos.<\/p>\n<p>[\/vc_column][\/vc_row][vc_row css=\u00bb.vc_custom_1612890441463{padding-bottom: 8rem !important;}\u00bb][vc_column width=\u00bb1\/3&#8243;]<a href=\"https:\/\/beperu.com\/content\/wp-content\/uploads\/2021\/02\/LIMA.jpg\" class=\"fluidbox-image\" data-margin=\"0 12px 0 12px\" data-float=\"none\"><img decoding=\"async\" src=\"https:\/\/beperu.com\/content\/wp-content\/uploads\/2021\/02\/LIMA-360x195.jpg\" width=\"360\" style=\"float:none;margin:0 12px 0 12px\" alt=\"LIMA\" \/><\/a><span style=\"justify-content: center; align-items: center; line-height: 150%;\">\u00a0<\/span><\/p>\n<p style=\"text-align: center;\"><span style=\"font-size: 230%; font-family: Yanone Kaffeesatz; color: #4b5664; font-weight: bold; line-height: 110%;\">LIMA<\/span><\/p>\n<p style=\"text-align: center;\">Encuentre la historia viva en la capital, donde se mezcla la historia con sus huacas, museos y arquitectura colonial y virreinal con la vida cosmopolita de Miraflores, Barranco, San Isidro y Callao.<\/p>\n<p style=\"text-align: center;\">.<\/p>\n<p>[\/vc_column][vc_column width=\u00bb1\/3&#8243;]<a href=\"https:\/\/beperu.com\/content\/wp-content\/uploads\/2021\/02\/LA-LIBERTQAD.jpg\" class=\"fluidbox-image\" data-margin=\"0 12px 0 12px\" data-float=\"none\"><img decoding=\"async\" src=\"https:\/\/beperu.com\/content\/wp-content\/uploads\/2021\/02\/LA-LIBERTQAD-360x195.jpg\" width=\"360\" style=\"float:none;margin:0 12px 0 12px\" alt=\"LA-LIBERTAD\" \/><\/a><span style=\"justify-content: center; align-items: center; line-height: 150%;\">\u00a0<\/span><\/p>\n<p style=\"text-align: center;\"><span style=\"font-size: 230%; font-family: Yanone Kaffeesatz; color: #4b5664; font-weight: bold; line-height: 110%;\">LA LIBERTAD<\/span><\/p>\n<p style=\"text-align: center;\">Las playas de Huanchaco lo esperan para surfear sobre los milenarios caballos de totora. Sum\u00e9rjase en la historia de los moches visitando la Huaca del Sol y la Luna, la Huaca Esmeralda, la Huaca del Drag\u00f3n y la hermosa ciudad de adobe: Chan Chan.<\/p>\n<p>[\/vc_column][vc_column width=\u00bb1\/3&#8243;]<a href=\"https:\/\/beperu.com\/content\/wp-content\/uploads\/2021\/02\/CAJAMARCA.jpg\" class=\"fluidbox-image\" data-margin=\"0 12px 0 12px\" data-float=\"none\"><img decoding=\"async\" src=\"https:\/\/beperu.com\/content\/wp-content\/uploads\/2021\/02\/CAJAMARCA-360x195.jpg\" width=\"360\" style=\"float:none;margin:0 12px 0 12px\" alt=\"CAJAMARCA\" \/><\/a><span style=\"justify-content: center; align-items: center; line-height: 150%;\">\u00a0<\/span><\/p>\n<p style=\"text-align: center;\"><span style=\"font-size: 230%; font-family: Yanone Kaffeesatz; color: #4b5664; font-weight: bold; line-height: 110%;\">CAJAMARCA<\/span><\/p>\n<p style=\"text-align: center;\">Por excelencia es el lugar de la religiosidad y la expresi\u00f3n de la artesan\u00eda entre los cuales destacan los retablos. Adem\u00e1s puede visitar la Pampa de la Quinua.<\/p>\n<p>[\/vc_column][\/vc_row][vc_row css=\u00bb.vc_custom_1612890441463{padding-bottom: 8rem !important;}\u00bb][vc_column width=\u00bb1\/3&#8243;]<a href=\"https:\/\/beperu.com\/content\/wp-content\/uploads\/2021\/02\/LAMBAYEQUE.jpg\" class=\"fluidbox-image\" data-margin=\"0 12px 0 12px\" data-float=\"none\"><img decoding=\"async\" src=\"https:\/\/beperu.com\/content\/wp-content\/uploads\/2021\/02\/LAMBAYEQUE-360x195.jpg\" width=\"360\" style=\"float:none;margin:0 12px 0 12px\" alt=\"LAMBAYEQUE\" \/><\/a><span style=\"justify-content: center; align-items: center; line-height: 150%;\">\u00a0<\/span><\/p>\n<p style=\"text-align: center;\"><span style=\"font-size: 230%; font-family: Yanone Kaffeesatz; color: #4b5664; font-weight: bold; line-height: 110%;\">LAMBAYEQUE<\/span><\/p>\n<p style=\"text-align: center;\">Retroceda en el tiempo visitando las Tumbas del Se\u00f1or de Sip\u00e1n, las pir\u00e1mides naturales de T\u00facume y sus hermosas y c\u00e1lidas playas.<\/p>\n<p style=\"text-align: center;\">.<\/p>\n<p>[\/vc_column][vc_column width=\u00bb1\/3&#8243;]<a href=\"https:\/\/beperu.com\/content\/wp-content\/uploads\/2021\/02\/PIURA.jpg\" class=\"fluidbox-image\" data-margin=\"0 12px 0 12px\" data-float=\"none\"><img decoding=\"async\" src=\"https:\/\/beperu.com\/content\/wp-content\/uploads\/2021\/02\/PIURA-360x195.jpg\" width=\"360\" style=\"float:none;margin:0 12px 0 12px\" alt=\"PIURA\" \/><\/a><span style=\"justify-content: center; align-items: center; line-height: 150%;\">\u00a0<\/span><\/p>\n<p style=\"text-align: center;\"><span style=\"font-size: 230%; font-family: Yanone Kaffeesatz; color: #4b5664; font-weight: bold; line-height: 110%;\">PIURA<\/span><\/p>\n<p style=\"text-align: center;\">Reciba el sol de las hermosas ciudades de Sullana, Paita, Catacaos y Talara, las hermosas lagunas Las Huaringas y la zona arqueol\u00f3gica de Vicus.<\/p>\n<p>[\/vc_column][vc_column width=\u00bb1\/3&#8243;]<a href=\"https:\/\/beperu.com\/content\/wp-content\/uploads\/2021\/02\/TUMBES.jpg\" class=\"fluidbox-image\" data-margin=\"0 12px 0 12px\" data-float=\"none\"><img decoding=\"async\" src=\"https:\/\/beperu.com\/content\/wp-content\/uploads\/2021\/02\/TUMBES-360x195.jpg\" width=\"360\" style=\"float:none;margin:0 12px 0 12px\" alt=\"TUMBES\" \/><\/a><span style=\"justify-content: center; align-items: center; line-height: 150%;\">\u00a0<\/span><\/p>\n<p style=\"text-align: center;\"><span style=\"font-size: 230%; font-family: Yanone Kaffeesatz; color: #4b5664; font-weight: bold; line-height: 110%;\">TUMBES<\/span><\/p>\n<p style=\"text-align: center;\">Es la regi\u00f3n m\u00e1s peque\u00f1a del pa\u00eds y puede visitar el centro comercial de la ciudad, el Santuario Nacional de los Manglares, la Reserva de Bi\u00f3sfera, Puerto Pizarro y las playas Punta Sal y Zorritos.<\/p>\n<p>[\/vc_column][\/vc_row][vc_row css=\u00bb.vc_custom_1612890441463{padding-bottom: 8rem !important;}\u00bb][vc_column width=\u00bb1\/3&#8243;]<a href=\"https:\/\/beperu.com\/content\/wp-content\/uploads\/2021\/02\/AMAZONAS.jpg\" class=\"fluidbox-image\" data-margin=\"0 12px 0 12px\" data-float=\"none\"><img decoding=\"async\" src=\"https:\/\/beperu.com\/content\/wp-content\/uploads\/2021\/02\/AMAZONAS-360x195.jpg\" width=\"360\" style=\"float:none;margin:0 12px 0 12px\" alt=\"AMAZONAS\" \/><\/a><span style=\"justify-content: center; align-items: center; line-height: 150%;\">\u00a0<\/span><\/p>\n<p style=\"text-align: center;\"><span style=\"font-size: 230%; font-family: Yanone Kaffeesatz; color: #4b5664; font-weight: bold; line-height: 110%;\">AMAZONAS<\/span><\/p>\n<p style=\"text-align: center;\">Se impone la hermosa Fortaleza de Ku\u00e9lap y los sarc\u00f3fagos de Caraj\u00eda. No olvide visitar la laguna de Los C\u00f3ndores.<\/p>\n<p style=\"text-align: center;\">.<\/p>\n<p>[\/vc_column][vc_column width=\u00bb1\/3&#8243;]<a href=\"https:\/\/beperu.com\/content\/wp-content\/uploads\/2021\/02\/ANCASH.jpg\" class=\"fluidbox-image\" data-margin=\"0 12px 0 12px\" data-float=\"none\"><img decoding=\"async\" src=\"https:\/\/beperu.com\/content\/wp-content\/uploads\/2021\/02\/ANCASH-360x195.jpg\" width=\"360\" style=\"float:none;margin:0 12px 0 12px\" alt=\"ANCASH\" \/><\/a><span style=\"justify-content: center; align-items: center; line-height: 150%;\">\u00a0<\/span><\/p>\n<p style=\"text-align: center;\"><span style=\"font-size: 230%; font-family: Yanone Kaffeesatz; color: #4b5664; font-weight: bold; line-height: 110%;\">ANCASH<\/span><\/p>\n<p style=\"text-align: center;\">Puede disfrutar de la primera cultura inca en el Complejo Arqueol\u00f3gico de Chav\u00edn de Hu\u00e1ntar, practicar andinismo en la Cordillera Blanca y tomar muchas fotos en la Laguna de Llanganuco.<\/p>\n<p>[\/vc_column][vc_column width=\u00bb1\/3&#8243;]<a href=\"https:\/\/beperu.com\/content\/wp-content\/uploads\/2021\/02\/UCAYALI.jpg\" class=\"fluidbox-image\" data-margin=\"0 12px 0 12px\" data-float=\"none\"><img decoding=\"async\" src=\"https:\/\/beperu.com\/content\/wp-content\/uploads\/2021\/02\/UCAYALI-360x195.jpg\" width=\"360\" style=\"float:none;margin:0 12px 0 12px\" alt=\"UCAYALI\" \/><\/a><span style=\"justify-content: center; align-items: center; line-height: 150%;\">\u00a0<\/span><\/p>\n<p style=\"text-align: center;\"><span style=\"font-size: 230%; font-family: Yanone Kaffeesatz; color: #4b5664; font-weight: bold; line-height: 110%;\">UCAYALI<\/span><\/p>\n<p style=\"text-align: center;\">Conozca la cultura de la Comunidad Nativa San Francisco y visite el Parque Natural y Museo Regional de Pucallpa.<\/p>\n<p>[\/vc_column][\/vc_row][vc_row css=\u00bb.vc_custom_1612890441463{padding-bottom: 8rem !important;}\u00bb][vc_column width=\u00bb1\/3&#8243;][\/vc_column][vc_column width=\u00bb1\/3&#8243;]<a href=\"https:\/\/beperu.com\/content\/wp-content\/uploads\/2021\/02\/SAN-MATIN.jpg\" class=\"fluidbox-image\" data-margin=\"0 12px 0 12px\" data-float=\"none\"><img decoding=\"async\" src=\"https:\/\/beperu.com\/content\/wp-content\/uploads\/2021\/02\/SAN-MATIN-360x195.jpg\" width=\"360\" style=\"float:none;margin:0 12px 0 12px\" alt=\"SAN-MARTIN\" \/><\/a><span style=\"justify-content: center; align-items: center; line-height: 150%;\">\u00a0<\/span><\/p>\n<p style=\"text-align: center;\"><span style=\"font-size: 230%; font-family: Yanone Kaffeesatz; color: #4b5664; font-weight: bold; line-height: 110%;\">SAN MARTIN<\/span><\/p>\n<p style=\"text-align: center;\">La hermosa y siempre alegre ciudad de Tarapoto los espera con sus danzas y costumbres de la selva.<\/p>\n<p>[\/vc_column][vc_column width=\u00bb1\/3&#8243;][\/vc_column][\/vc_row][vc_row][vc_column][vc_column_text css=\u00bb.vc_custom_1612993340834{padding-bottom: 20px !important;}\u00bb]<\/p>\n<p style=\"text-align: center;\"><em><strong>CREDITOS\/COPYRIGHT: PROMPERU \u2013 Artistas varios<\/strong><\/em><\/p>\n<p>[\/vc_column_text][\/vc_column][\/vc_row][vc_row full_width=\u00bbstretch_row\u00bb css=\u00bb.vc_custom_1611551675767{padding-top: 8.45rem !important;padding-bottom: 3rem !important;background-image: url(http:\/\/beperu.com\/content\/wp-content\/uploads\/2021\/01\/about_2_bg-1.jpg?id=1093) !important;background-position: center !important;background-repeat: no-repeat !important;background-size: cover !important;}\u00bb el_class=\u00bbabout_2&#8243;][vc_column]<div  id=\"sc_promo_717593550\" \n\tclass=\"sc_promo sc_promo_default sc_promo_size_normal sc_promo_image_position_left\"><div class=\"sc_promo_image\" style=\"background-image:url(https:\/\/beperu.com\/content\/wp-content\/uploads\/2021\/01\/about_2-1_img.jpg);width:50%;left: 0;\"><div class=\"sc_promo_banner_wrap\"><div class=\"sc_promo_banner\">Elecci\u00f3n<i>del mes!<\/i><\/div><\/div> <\/div><div class=\"sc_promo_text\" style=\"width: 50%;float: right;\">\n\t\t\t<div class=\"sc_promo_text_inner\" style=\"\"><h1 class=\"sc_item_title sc_promo_title sc_align_left sc_item_title_style_default sc_item_title_tag\">UNA ELECCI\u00d3N ESPECIAL<\/h1><div class=\"sc_item_descr sc_promo_descr sc_align_left sc_item_title_style_default\">Per\u00fa es uno de los destinos tur\u00edsticos m\u00e1s atractivos del mundo y es el destino ideal para sus viajes individuales, grupales, escolares, de incentivos y hasta corporativos, existiendo en la costa, la sierra y la selva hoteles, restaurantes, salones y servicios que se adaptan a los requerimientos y expectativas de nuestros pasajeros.<\/div><div class=\"sc_promo_content sc_item_content\">[vc_row_inner][vc_column_inner width=\u00bb1\/2&#8243;][vc_column_text][\/vc_column_text][vc_btn title=\u00bbVer galer\u00eda\u00bb style=\u00bbcustom\u00bb custom_background=\u00bb#de4364&#8243; custom_text=\u00bb#ffffff\u00bb shape=\u00bbround\u00bb size=\u00bbsm\u00bb link=\u00bburl:https%3A%2F%2Fbeperu.com%2Fcontent%2Fgaleria%2F|||\u00bb][\/vc_column_inner][vc_column_inner width=\u00bb1\/2&#8243;][vc_column_text][\/vc_column_text][\/vc_column_inner][\/vc_row_inner]<\/div><\/div>\n\t\t<\/div><!-- \/.sc_promo_text --><\/div><!-- \/.sc_promo -->[\/vc_column][\/vc_row]<\/p>\n<\/div>","protected":false},"excerpt":{"rendered":"<p>[vc_row full_width=\u00bbstretch_row_content_no_spaces\u00bb css=\u00bb.vc_custom_1611551836039{margin-top: 60px !important;}\u00bb][vc_column][\/vc_column][\/vc_row][vc_row][vc_column][vc_column_text] [\/vc_column_text][\/vc_column][\/vc_row][vc_row css=\u00bb.vc_custom_1612894785331{padding-top: 2.1rem !important;}\u00bb el_class=\u00bbservices_2&#8243;][vc_column][vc_column_text css=\u00bb.vc_custom_1612971405069{margin-bottom: 30px !important;}\u00bb]\u00a0 Encuentra TU DESTINO [\/vc_column_text][\/vc_column][\/vc_row][vc_row css=\u00bb.vc_custom_1612890441463{padding-bottom: 8rem !important;}\u00bb][vc_column width=\u00bb1\/3&#8243;][\/vc_column][vc_column width=\u00bb1\/3&#8243;][\/vc_column][vc_column width=\u00bb1\/3&#8243;][\/vc_column][\/vc_row][vc_row css=\u00bb.vc_custom_1612890441463{padding-bottom: 8rem !important;}\u00bb][vc_column width=\u00bb1\/3&#8243;][\/vc_column][vc_column width=\u00bb1\/3&#8243;][\/vc_column][vc_column width=\u00bb1\/3&#8243;][\/vc_column][\/vc_row][vc_row css=\u00bb.vc_custom_1612890441463{padding-bottom:&hellip;<\/p>\n","protected":false},"author":5,"featured_media":0,"parent":0,"menu_order":0,"comment_status":"closed","ping_status":"closed","template":"","meta":{"footnotes":""},"class_list":["post-1024","page","type-page","status-publish","hentry"],"lang":"es","translations":{"es":1024,"en":1250},"pll_sync_post":[],"_links":{"self":[{"href":"https:\/\/beperu.com\/content\/wp-json\/wp\/v2\/pages\/1024","targetHints":{"allow":["GET"]}}],"collection":[{"href":"https:\/\/beperu.com\/content\/wp-json\/wp\/v2\/pages"}],"about":[{"href":"https:\/\/beperu.com\/content\/wp-json\/wp\/v2\/types\/page"}],"author":[{"embeddable":true,"href":"https:\/\/beperu.com\/content\/wp-json\/wp\/v2\/users\/5"}],"replies":[{"embeddable":true,"href":"https:\/\/beperu.com\/content\/wp-json\/wp\/v2\/comments?post=1024"}],"version-history":[{"count":62,"href":"https:\/\/beperu.com\/content\/wp-json\/wp\/v2\/pages\/1024\/revisions"}],"predecessor-version":[{"id":1493,"href":"https:\/\/beperu.com\/content\/wp-json\/wp\/v2\/pages\/1024\/revisions\/1493"}],"wp:attachment":[{"href":"https:\/\/beperu.com\/content\/wp-json\/wp\/v2\/media?parent=1024"}],"curies":[{"name":"wp","href":"https:\/\/api.w.org\/{rel}","templated":true}]}}